{"id":1145,"date":"2024-04-13T14:16:10","date_gmt":"2024-04-13T12:16:10","guid":{"rendered":"http:\/\/www.glauserweb.ch\/wordpress\/?page_id=1145"},"modified":"2025-02-04T18:00:46","modified_gmt":"2025-02-04T17:00:46","slug":"ein-regenbogen-aus-pflanzenfarben","status":"publish","type":"page","link":"https:\/\/www.glauserweb.ch\/wordpress\/ein-regenbogen-aus-pflanzenfarben\/","title":{"rendered":"Ein Regenbogen aus Pflanzenfarben"},"content":{"rendered":"\n<div class=\"wp-block-cover\" style=\"min-height:826px;aspect-ratio:unset;\"><span aria-hidden=\"true\" class=\"wp-block-cover__background has-background-dim\"><\/span><img loading=\"lazy\" decoding=\"async\" width=\"882\" height=\"1024\" class=\"wp-block-cover__image-background wp-image-1197\" alt=\"\" src=\"https:\/\/www.glauserweb.ch\/wordpress\/wp-content\/uploads\/2025\/02\/StraengePflanzen24-882x1024.jpg\" style=\"object-position:49% 50%\" data-object-fit=\"cover\" data-object-position=\"49% 50%\" srcset=\"https:\/\/www.glauserweb.ch\/wordpress\/wp-content\/uploads\/2025\/02\/StraengePflanzen24-882x1024.jpg 882w, https:\/\/www.glauserweb.ch\/wordpress\/wp-content\/uploads\/2025\/02\/StraengePflanzen24-258x300.jpg 258w, https:\/\/www.glauserweb.ch\/wordpress\/wp-content\/uploads\/2025\/02\/StraengePflanzen24-768x892.jpg 768w, https:\/\/www.glauserweb.ch\/wordpress\/wp-content\/uploads\/2025\/02\/StraengePflanzen24-1322x1536.jpg 1322w, https:\/\/www.glauserweb.ch\/wordpress\/wp-content\/uploads\/2025\/02\/StraengePflanzen24-172x200.jpg 172w, https:\/\/www.glauserweb.ch\/wordpress\/wp-content\/uploads\/2025\/02\/StraengePflanzen24.jpg 1722w\" sizes=\"auto, (max-width: 882px) 100vw, 882px\" \/><div class=\"wp-block-cover__inner-container is-layout-flow wp-block-cover-is-layout-flow\">\n<p class=\"has-text-align-center has-text-color has-link-color has-large-font-size wp-elements-545f68dd328b9c53cb18abfff3873c4c\" style=\"color:#f9f9f9\">Pflanzenf\u00e4rbungen 2024: F\u00fcnf Pflanzen, 20 Farbt\u00f6ne<\/p>\n<\/div><\/div>\n\n\n\n<h2 class=\"wp-block-heading\">Beizen:<\/h2>\n\n\n\n<p>F\u00fcr alle hier vorgestellten F\u00e4rbungen wird die Wolle zuerst gebeizt, damit sich die Farbe mit der Faser verbinden kann.<\/p>\n\n\n\n<p>Dazu verwendet man <strong>Alaun <\/strong>(Kaliumaluminiumsulfat) KAl(SO<sub>4<\/sub>)<sub>2<\/sub> . 12 H<sub>2<\/sub>O<\/p>\n\n\n\n<h4 class=\"wp-block-heading\">Beizrezept f\u00fcr 100 g Wolle:<\/h4>\n\n\n\n<p>15 g Alaun werden in wenig heissem Wasser gel\u00f6st und in 3 &#8211; 5 Liter Wasser gegeben. Die<strong> nasse <\/strong>Wolle wird ins Beizbad gelegt und auf 70\u00b0C erw\u00e4rmt. Bei dieser Temperatur wird die Wolle 1 Stunde lang gebeizt. Anschliessend l\u00e4sst man die Wolle am besten im Beizbad abk\u00fchlen. Aussp\u00fclen.<\/p>\n\n\n\n<p>Die Wolle ist jetzt bereit zum F\u00e4rben.<\/p>\n\n\n\n<h2 class=\"wp-block-heading\">Gelbf\u00e4rbung mit Heidekraut (Calluna vulgaris)<\/h2>\n\n\n\n<h4 class=\"wp-block-heading\">(Vor dem F\u00e4rben muss die Wolle <a href=\"..\/FrontPage%20Webs\/Content\/Kopie%20von%20website\/pflanzenfaerbung.htm#beizen\"><strong>gebeizt<\/strong><\/a> werden, damit sich die Farbe mit der Faser verbinden kann. )<\/h4>\n\n\n\n<p><strong>Rezept f\u00fcr 100 g Wolle:<\/strong><\/p>\n\n\n\n<p>300 g trockenes oder 500 g frisches <strong>Heidekraut<\/strong> werden in 5 Liter Wasser 1 bis 2 Stunden ausgekocht. Abk\u00fchlen lassen. Abseihen. Die Fl\u00fcssigkeit ist unser Farbbad. Die nasse Wolle hineingeben. und auf 70\u00b0 C erw\u00e4rmen. Eine Stunde bei dieser Temperatur f\u00e4rben. Dabei \u00f6fter die Wolle bewegen und gut in die Fl\u00fcssigkeit dr\u00fccken. Abk\u00fchlen lassen, die Wolle bleibt w\u00e4hrend dem Abk\u00fchlen im Farbbad. Herausnehmen und sp\u00fclen bis das Sp\u00fclwasser klar bleibt. 10 Minuten in ein Essigbad geben (1 Essl\u00f6ffel Essig auf 3 Liter Wasser). Vorsichtig ausdr\u00fccken und zum Trocknen auslegen.<\/p>\n\n\n\n<h2 class=\"wp-block-heading\">Orangef\u00e4rbung mit Krapp (Rubia tinctoria)<\/h2>\n\n\n\n<p>(Vor dem F\u00e4rben muss die Wolle <a href=\"..\/FrontPage%20Webs\/Content\/Kopie%20von%20website\/pflanzenfaerbung.htm#beizen\"><strong>gebeizt<\/strong><\/a> werden, damit sich die Farbe mit der Faser verbinden kann. )<\/p>\n\n\n\n<p><strong>Rezept f\u00fcr 100 g Wolle:<\/strong><\/p>\n\n\n\n<p>60 g getrocknete, kleingeschnittene <strong>Krappwurzel<\/strong> \u00fcber Nacht in Wasser einweichen. Zum F\u00e4rben Krapp in ein Gazetuch einbinden und in 5 Liter Wasser geben. Wolle dazugeben. Auf 60 bis h\u00f6chstens 70\u00b0 C erw\u00e4rmen und eine Stunde bei dieser Temperatur f\u00e4rben. <strong>Achtung: Nicht \u00fcber 70\u00b0C erhitzen, sonst wird die Farbe br\u00e4unlich! <\/strong>W\u00e4hrend dem F\u00e4rben Wolle \u00f6fter bewegen und untertauchen. Abk\u00fchlen lassen, die Wolle bleibt w\u00e4hrend dem Abk\u00fchlen im Farbbad. Herausnehmen und sp\u00fclen bis das Sp\u00fclwasser klar bleibt. 10 Minuten in ein Essigbad geben (1 Essl\u00f6ffel Essig auf 3 Liter Wasser). Vorsichtig ausdr\u00fccken und zum Trocknen auslegen.<\/p>\n\n\n\n<h2 class=\"wp-block-heading\">Rotf\u00e4rbung mit Cochenille (Coccus cacti)<\/h2>\n\n\n\n<p>(Vor dem F\u00e4rben muss die Wolle <a href=\"..\/FrontPage%20Webs\/Content\/Kopie%20von%20website\/pflanzenfaerbung.htm#beizen\"><strong>gebeizt<\/strong><\/a> werden, damit sich die Farbe mit der Faser verbinden kann. )<\/p>\n\n\n\n<p><strong>Rezept f\u00fcr 100 g Wolle:<\/strong><\/p>\n\n\n\n<p>10 bis 15 g <strong>Cochenille Pulver<\/strong> in wenig Wasser aufkochen, auf 3 Liter Wasser erg\u00e4nzen. 6 g <strong>Weins\u00e4ure<\/strong> (Acidum tartaricum) C<sub>2<\/sub>H<sub>2<\/sub>(OH)<sub>2<\/sub>(COOH)<sub>2<\/sub> in etwas heissem Wasser gel\u00f6st, dazugeben. Nasse Wolle hineingeben, auf 70\u00b0 C erhitzen, eine Stunde bei dieser Temperatur f\u00e4rben. W\u00e4hrend dem F\u00e4rben Wolle \u00f6fter bewegen und untertauchen. Abk\u00fchlen lassen, die Wolle bleibt w\u00e4hrend dem Abk\u00fchlen im Farbbad. Herausnehmen und sp\u00fclen bis das Sp\u00fclwasser klar bleibt. 10 Minuten in ein Essigbad geben (1 Essl\u00f6ffel Essig auf 3 Liter Wasser). Vorsichtig ausdr\u00fccken und zum Trocknen auslegen.<\/p>\n\n\n\n<h2 class=\"wp-block-heading\">Blauf\u00e4rbung mit pflanzlichem Indigo (K\u00fcpenf\u00e4rbung)<\/h2>\n\n\n\n<p>(F\u00fcr die Indigof\u00e4rbung muss die Wolle nicht gebeizt werden)<\/p>\n\n\n\n<h4 class=\"wp-block-heading\"><strong>Rezept f\u00fcr 100 g Wolle:<\/strong><\/h4>\n\n\n\n<p>2 g <strong>Indigopulver <\/strong>(pflanzliches!) in etwas Brennsprit (Alkohol) anr\u00fchren. 3,5 Liter Wasser auf 55\u00b0 C erw\u00e4rmen. Vorsichtig 7 g<strong> Hydrosulfit <\/strong>aufs Wasser streuen. 14 ml <strong>Ammoniak 10% <\/strong>und anger\u00fchrten Indigo dazugeben. Zugedeckt w\u00e4hrend 45 Minuten auf 55\u00b0C halten.<\/p>\n\n\n\n<p>Nun nasse Wolle hineingeben und sorgf\u00e4ltig untertauchen. 15 bis 20 Minuten f\u00e4rben. Die Wolle herausnehmen und <strong>ohne zu sp\u00fclen <\/strong>luftig aufh\u00e4ngen. Erst jetzt f\u00e4rbt sich die Wolle durch den Luftsauerstoff blau. Wenn die Umf\u00e4rbung beendet ist, auswaschen und sp\u00fclen bis das Wasser klar ist. 10 Minuten in ein Essigbad geben (1 Essl\u00f6ffel Essig auf 3 Liter Wasser). Vorsichtig ausdr\u00fccken und zum Trocknen auslegen.<\/p>\n\n\n\n<h3 class=\"wp-block-heading\">Einige Erkl\u00e4rungen zum Verk\u00fcpen:<\/h3>\n\n\n\n<p>Die K\u00fcpenf\u00e4rbung basiert auf einem Reduktions- Oxidationsprozess. Indigo ist wasserunl\u00f6slich. Es muss durch ein Reduktionsmittel (Hydrosulfit) zu Indigoweiss umgewandelt werden, um sich im Wasser zu l\u00f6sen. Das reduzierte Indigoweiss zieht auf die Wollfaser auf, die Faser erscheint gelblich im K\u00fcpenbad. Wird jetzt die (gelb)gef\u00e4rbte Wolle aus der K\u00fcpe geholt, oxidiert der Luftsauerstoff das Indigoweiss, wandelt es in blaues Indigo um und bleibt mit der Faser verbunden, da es jetzt wieder wasserunl\u00f6slich ist.<\/p>\n\n\n\n<p><strong>Hydrosulfit:<\/strong> <strong>Natriumhydrosulfit<\/strong> oder auch <strong>Natriumdithionit <\/strong>genannt. Na<sub>2<\/sub>S<sub>2<\/sub>O<sub>4<\/sub>. Reduktionsmittel f\u00fcr Indigof\u00e4rbung.<\/p>\n\n\n\n<p><strong>Ammoniak <\/strong>10% (Ammonia) NH<sub>4<\/sub>OH 10%<\/p>\n\n\n\n<h2 class=\"wp-block-heading\">Gr\u00fcnf\u00e4rbung Heidekraut\/Indigo<\/h2>\n\n\n\n<p>In einem ersten Schritt wird mit <a href=\"..\/FrontPage%20Webs\/Content\/Kopie%20von%20website\/pflanzenfaerbung.htm#Heidekraut\">Heidekraut<\/a> gelb gef\u00e4rbt, anschliessend mit <a href=\"..\/FrontPage%20Webs\/Content\/Kopie%20von%20website\/pflanzenfaerbung.htm#Indigo\">Indigo<\/a> \u00fcberf\u00e4rbt.<\/p>\n\n\n\n<h2 class=\"wp-block-heading\">Violettf\u00e4rbung mit Cochenille\/Indigo<\/h2>\n\n\n\n<p>In einem ersten Schritt wird mit <a href=\"..\/FrontPage%20Webs\/Content\/Kopie%20von%20website\/pflanzenfaerbung.htm#Cochenille\">Cochenille<\/a> rot gef\u00e4rbt, anschliessend mit <a href=\"..\/FrontPage%20Webs\/Content\/Kopie%20von%20website\/pflanzenfaerbung.htm#Indigo\">Indigo<\/a> \u00fcberf\u00e4rbt.<\/p>\n","protected":false},"excerpt":{"rendered":"","protected":false},"author":3,"featured_media":0,"parent":0,"menu_order":23,"comment_status":"closed","ping_status":"closed","template":"","meta":{"_uag_custom_page_level_css":"","footnotes":""},"class_list":["post-1145","page","type-page","status-publish","hentry"],"uagb_featured_image_src":{"full":false,"thumbnail":false,"medium":false,"medium_large":false,"large":false,"1536x1536":false,"2048x2048":false,"post-thumbnail":false,"fluida-featured":false,"fluida-featured-lp":false,"fluida-featured-half":false,"fluida-featured-third":false,"fluida-header":false,"fluida-lpbox-1":false,"fluida-lpbox-2":false},"uagb_author_info":{"display_name":"Pascal Glauser","author_link":"https:\/\/www.glauserweb.ch\/wordpress\/author\/pg\/"},"uagb_comment_info":0,"uagb_excerpt":null,"_links":{"self":[{"href":"https:\/\/www.glauserweb.ch\/wordpress\/wp-json\/wp\/v2\/pages\/1145","targetHints":{"allow":["GET"]}}],"collection":[{"href":"https:\/\/www.glauserweb.ch\/wordpress\/wp-json\/wp\/v2\/pages"}],"about":[{"href":"https:\/\/www.glauserweb.ch\/wordpress\/wp-json\/wp\/v2\/types\/page"}],"author":[{"embeddable":true,"href":"https:\/\/www.glauserweb.ch\/wordpress\/wp-json\/wp\/v2\/users\/3"}],"replies":[{"embeddable":true,"href":"https:\/\/www.glauserweb.ch\/wordpress\/wp-json\/wp\/v2\/comments?post=1145"}],"version-history":[{"count":3,"href":"https:\/\/www.glauserweb.ch\/wordpress\/wp-json\/wp\/v2\/pages\/1145\/revisions"}],"predecessor-version":[{"id":1206,"href":"https:\/\/www.glauserweb.ch\/wordpress\/wp-json\/wp\/v2\/pages\/1145\/revisions\/1206"}],"wp:attachment":[{"href":"https:\/\/www.glauserweb.ch\/wordpress\/wp-json\/wp\/v2\/media?parent=1145"}],"curies":[{"name":"wp","href":"https:\/\/api.w.org\/{rel}","templated":true}]}}