{"id":1044,"date":"2024-04-01T13:59:42","date_gmt":"2024-04-01T11:59:42","guid":{"rendered":"http:\/\/www.glauserweb.ch\/wordpress\/?page_id=1044"},"modified":"2024-04-13T14:18:16","modified_gmt":"2024-04-13T12:18:16","slug":"lutino-eine-neue-palette-an-farben","status":"publish","type":"page","link":"https:\/\/www.glauserweb.ch\/wordpress\/lutino-eine-neue-palette-an-farben\/","title":{"rendered":"Lutino &#8211; eine neue Palette an Farben"},"content":{"rendered":"\n<p><strong>Eine neue Farbmutation der Kaninchen verbreitet sich langsam in verschiedenen Rassen. Die Mutation zu Lutino hemmt das dunkle Pigment Eumelanin. Noch sind die goldenen Kaninchen aber eine absolute Rarit\u00e4t.<br><\/strong>Ein goldenes Fell und lavendelfarbige Augen \u2013 Lutino-Kaninchen sind ein Blickfang! Erstmals trat die neue Mutation im Jahr 1985 auf, als der d\u00e4nische Z\u00fcchter Gerner Rasmussen in einem Wurf japanerfarbiger Zwergkaninchen ein gelbes Tier mit roten Augen fand. Der Z\u00fcchter erkannte gl\u00fccklicherweise, dass dieses Tier eine kleine Sensation war und es sich dabei um eine neue Mutation handeln musste. Er wiederholte die gleiche Paarung, bis im dritten Versuch wiederum ein rot\u00e4ugiges Tier auftrat. Diese beiden Tiere bildeten die Basis des Farbenschlages Lutino, der 1988 in den Nordischen Standard aufgenommen wurde. Diese neuen Farbenzwerge waren vor allem in D\u00e4nemark und Norwegen verbreitet, doch wurde die F\u00e4rbung auch in andere Rassen, beispielsweise die Zwergwidder, \u00fcbertragen.<\/p>\n\n\n\n<figure class=\"wp-block-image size-large\"><img loading=\"lazy\" decoding=\"async\" width=\"840\" height=\"1024\" src=\"https:\/\/www.glauserweb.ch\/wordpress\/wp-content\/uploads\/2024\/04\/BaldurPortraet-840x1024.jpg\" alt=\"\" class=\"wp-image-1046\" srcset=\"https:\/\/www.glauserweb.ch\/wordpress\/wp-content\/uploads\/2024\/04\/BaldurPortraet-840x1024.jpg 840w, https:\/\/www.glauserweb.ch\/wordpress\/wp-content\/uploads\/2024\/04\/BaldurPortraet-246x300.jpg 246w, https:\/\/www.glauserweb.ch\/wordpress\/wp-content\/uploads\/2024\/04\/BaldurPortraet-768x936.jpg 768w, https:\/\/www.glauserweb.ch\/wordpress\/wp-content\/uploads\/2024\/04\/BaldurPortraet-1260x1536.jpg 1260w, https:\/\/www.glauserweb.ch\/wordpress\/wp-content\/uploads\/2024\/04\/BaldurPortraet-1680x2048.jpg 1680w, https:\/\/www.glauserweb.ch\/wordpress\/wp-content\/uploads\/2024\/04\/BaldurPortraet-164x200.jpg 164w, https:\/\/www.glauserweb.ch\/wordpress\/wp-content\/uploads\/2024\/04\/BaldurPortraet-1920x2340.jpg 1920w\" sizes=\"auto, (max-width: 840px) 100vw, 840px\" \/><figcaption class=\"wp-element-caption\"><em>Baldur ist unser erster Lutino Satinangora. Die Kombination aus Wildgrau mit Lutino f\u00fchrt zu einem intensiv gelborangen Fell, das durch das Satinhaar noch leuchtender erscheint.<\/em><\/figcaption><\/figure>\n\n\n\n<p><\/p>\n\n\n\n<p><\/p>\n\n\n\n<p><br><br><strong>Was der neue Faktor bewirkt<\/strong><br>\u00dcber den neuen Mutationsfaktor ist noch nicht viel bekannt. Er wirkt hemmend auf das dunkle Pigment Eumelanin, w\u00e4hrend das gelb-rote Pigment Ph\u00e4omelanin nicht beeinflusst wird. Lutinos kennt man deshalb meist als intensiv rot bis golden gef\u00e4rbte Kaninchen. Das dunkle Pigment wird aber nicht vollst\u00e4ndig gehemmt; man geht davon aus, dass noch etwa f\u00fcnf Prozent der normalen Menge gebildet wird. So sind die Augen der Lutinokaninchen nicht so intensiv rot wie bei den Albinos, sondern zeigen eher eine Schattierung ins Lila-Bl\u00e4uliche. <br>Das Lutino-Gen ist ein einfach rezessives Gen, das im englischsprachigen Gebiet als p, im deutschsprachigen Teil als lu bezeichnet wird. Tr\u00e4gt ein Tier Lutino auf beiden Chromosomen (pp), kommt der Faktor zum Tragen: Das Kaninchen besitzt rote Augen, Eumelanin ist weitgehend gehemmt und die Farbe des Felles ist entsprechend ver\u00e4ndert.<\/p>\n\n\n\n<p><\/p>\n\n\n\n<p><br>In anderen S\u00e4ugetieren wie Farbm\u00e4usen oder Cavias ist der Lutinofaktor als \u00abred eye dilution\u00bb (Verd\u00fcnnung mit roten Augen) schon l\u00e4nger bekannt, was eigentlich die treffendere Bezeichnung ist. Richtig spannend wird es, wenn das Gen auf andere Farben \u00fcbertragen wird, wie dies bei Cavias und Farbm\u00e4usen bereits gemacht wurde. Dadurch lassen sich die althergebrachten Farben aufhellen: Aus einem schwarzen Kaninchen wird ein pastellgraues, Havanna wird zu Champagnerfarbe, Blau zu Silber. Ein wildgraues Kaninchen erscheint in einem leuchtenden Gold. Auf gelbe, bzw. rote Farben hat das Lutino-Gen wenig Einfluss, da es ja das rote Ph\u00e4omelanin nicht tangiert. Die Farben k\u00f6nnen aber klarer und leuchtender erscheinen, da jeglicher russige Anflug von dunkel pigmentierten Haaren wegf\u00e4llt. Auf jeden Fall und sicher erkannt man ein Lutinokaninchen an seinen roten Augen! <\/p>\n\n\n\n<p><strong>So ver\u00e4ndert Lutino die vier Grundfarben der Kaninchen: <\/strong><\/p>\n\n\n\n<p>Aus Schwarz + Lutino entsteht ein pastelliges Graublau, <strong>Dove<\/strong> genannt. Genetisch international aBCDE pp (deutschsprachiges Gebiet ABCDg lulu)<br>Aus Chocolate (havanna) + Lutino entsteht ein helles Goldbeige, <strong>Champagne<\/strong> genannt. abCDE pp (ABcDg lulu)<br>Aus Blau + Lutino entsteht ein helles <strong>Silver<\/strong>. aBCdE pp (ABCdg lulu)<br>Aus Lilac (mauve) + Lutino entsteht <strong>Lavender.<\/strong> abCdE pp (ABcdg lulu)<\/p>\n\n\n\n<p>Aus Wildgrau entsteht ein leuchtend orangegelbes Kaninchen, <strong>Shadow<\/strong> genannt. ABCDE pp (ABCG lulu)<\/p>\n\n\n\n<p><\/p>\n\n\n\n<p><\/p>\n\n\n\n<p><\/p>\n\n\n\n<p><\/p>\n\n\n\n<p><\/p>\n\n\n\n<p><\/p>\n\n\n\n<p><\/p>\n\n\n\n<figure class=\"wp-block-image size-large\"><img loading=\"lazy\" decoding=\"async\" width=\"1024\" height=\"880\" src=\"https:\/\/www.glauserweb.ch\/wordpress\/wp-content\/uploads\/2024\/04\/Moscatoklein-1024x880.jpg\" alt=\"\" class=\"wp-image-1047\" srcset=\"https:\/\/www.glauserweb.ch\/wordpress\/wp-content\/uploads\/2024\/04\/Moscatoklein-1024x880.jpg 1024w, https:\/\/www.glauserweb.ch\/wordpress\/wp-content\/uploads\/2024\/04\/Moscatoklein-300x258.jpg 300w, https:\/\/www.glauserweb.ch\/wordpress\/wp-content\/uploads\/2024\/04\/Moscatoklein-768x660.jpg 768w, https:\/\/www.glauserweb.ch\/wordpress\/wp-content\/uploads\/2024\/04\/Moscatoklein-1536x1320.jpg 1536w, https:\/\/www.glauserweb.ch\/wordpress\/wp-content\/uploads\/2024\/04\/Moscatoklein-233x200.jpg 233w, https:\/\/www.glauserweb.ch\/wordpress\/wp-content\/uploads\/2024\/04\/Moscatoklein-1920x1650.jpg 1920w, https:\/\/www.glauserweb.ch\/wordpress\/wp-content\/uploads\/2024\/04\/Moscatoklein.jpg 2000w\" sizes=\"auto, (max-width: 1024px) 100vw, 1024px\" \/><figcaption class=\"wp-element-caption\"><em>Moscato, ein champagnerfarbiges Tier (Chocolate + Lutino)<\/em><\/figcaption><\/figure>\n\n\n\n<figure class=\"wp-block-image size-large\"><img loading=\"lazy\" decoding=\"async\" width=\"986\" height=\"1024\" src=\"https:\/\/www.glauserweb.ch\/wordpress\/wp-content\/uploads\/2024\/04\/IMG_20240329_182341-986x1024.jpg\" alt=\"\" class=\"wp-image-1049\" srcset=\"https:\/\/www.glauserweb.ch\/wordpress\/wp-content\/uploads\/2024\/04\/IMG_20240329_182341-986x1024.jpg 986w, https:\/\/www.glauserweb.ch\/wordpress\/wp-content\/uploads\/2024\/04\/IMG_20240329_182341-289x300.jpg 289w, https:\/\/www.glauserweb.ch\/wordpress\/wp-content\/uploads\/2024\/04\/IMG_20240329_182341-768x798.jpg 768w, https:\/\/www.glauserweb.ch\/wordpress\/wp-content\/uploads\/2024\/04\/IMG_20240329_182341-1478x1536.jpg 1478w, https:\/\/www.glauserweb.ch\/wordpress\/wp-content\/uploads\/2024\/04\/IMG_20240329_182341-1971x2048.jpg 1971w, https:\/\/www.glauserweb.ch\/wordpress\/wp-content\/uploads\/2024\/04\/IMG_20240329_182341-192x200.jpg 192w, https:\/\/www.glauserweb.ch\/wordpress\/wp-content\/uploads\/2024\/04\/IMG_20240329_182341-1920x1995.jpg 1920w\" sizes=\"auto, (max-width: 986px) 100vw, 986px\" \/><figcaption class=\"wp-element-caption\"><em>Schwarz + Lutino ergibt Dove, ein pastelliges Blaugrau.<\/em><\/figcaption><\/figure>\n\n\n\n<p>Das Lutino-Gen ist von seiner Wirkung her das Gegenst\u00fcck des Chinchilla-Gens, das die Bildung des gelben Pigments verhindert. Die Chinchillafarbe ist dadurch rein schwarzweiss. Lutino hemmt das dunkle Pigment, es bleiben also Gelb-Rott\u00f6ne zur\u00fcck. Eine Kombination von Chinchilla und Lutino hemmt alle Pigmente; es entsteht ein praktisch* weisses Tier mit roten Augen, das sich aber von seiner Genetik her vom Albino unterscheidet. (F\u00fcr Genetikfans: achiBCDG lu gegen\u00fcber a&#8212;&#8211;)  *5% des Eumelanins bleiben erhalten<\/p>\n\n\n\n<p><br><\/p>\n\n\n\n<figure class=\"wp-block-image size-large\"><img loading=\"lazy\" decoding=\"async\" width=\"1024\" height=\"684\" src=\"https:\/\/www.glauserweb.ch\/wordpress\/wp-content\/uploads\/2024\/04\/LutinofamilieAug23klein-1024x684.jpg\" alt=\"\" class=\"wp-image-1048\" srcset=\"https:\/\/www.glauserweb.ch\/wordpress\/wp-content\/uploads\/2024\/04\/LutinofamilieAug23klein-1024x684.jpg 1024w, https:\/\/www.glauserweb.ch\/wordpress\/wp-content\/uploads\/2024\/04\/LutinofamilieAug23klein-300x200.jpg 300w, https:\/\/www.glauserweb.ch\/wordpress\/wp-content\/uploads\/2024\/04\/LutinofamilieAug23klein-768x513.jpg 768w, https:\/\/www.glauserweb.ch\/wordpress\/wp-content\/uploads\/2024\/04\/LutinofamilieAug23klein-1536x1025.jpg 1536w, https:\/\/www.glauserweb.ch\/wordpress\/wp-content\/uploads\/2024\/04\/LutinofamilieAug23klein-1920x1282.jpg 1920w, https:\/\/www.glauserweb.ch\/wordpress\/wp-content\/uploads\/2024\/04\/LutinofamilieAug23klein.jpg 2000w\" sizes=\"auto, (max-width: 1024px) 100vw, 1024px\" \/><figcaption class=\"wp-element-caption\"><em>2023 fielen gleich 3 Lutinos in einem Wurf: Leo, Kalahari und Taklamakan.<\/em><\/figcaption><\/figure>\n\n\n\n<p><br>Ein besonderer Blickfang sind Lutinos im gl\u00e4nzenden Satinfell, wie sie von einigen wenigen Liebhabern in Deutschland, aber auch in der Schweiz gez\u00fcchtet werden. Lutino in Kombination mit dem schimmernden Glanz des Satinfells ergibt eine changierende Farbe, von dessen lebendigem Farbenspiel man kaum den Blick abwenden kann.<\/p>\n\n\n\n<figure class=\"wp-block-image size-large\"><img loading=\"lazy\" decoding=\"async\" width=\"1024\" height=\"840\" src=\"https:\/\/www.glauserweb.ch\/wordpress\/wp-content\/uploads\/2024\/04\/Satinlutinolilac-1024x840.jpg\" alt=\"\" class=\"wp-image-1141\" srcset=\"https:\/\/www.glauserweb.ch\/wordpress\/wp-content\/uploads\/2024\/04\/Satinlutinolilac-1024x840.jpg 1024w, https:\/\/www.glauserweb.ch\/wordpress\/wp-content\/uploads\/2024\/04\/Satinlutinolilac-300x246.jpg 300w, https:\/\/www.glauserweb.ch\/wordpress\/wp-content\/uploads\/2024\/04\/Satinlutinolilac-768x630.jpg 768w, https:\/\/www.glauserweb.ch\/wordpress\/wp-content\/uploads\/2024\/04\/Satinlutinolilac-1536x1260.jpg 1536w, https:\/\/www.glauserweb.ch\/wordpress\/wp-content\/uploads\/2024\/04\/Satinlutinolilac-2048x1680.jpg 2048w, https:\/\/www.glauserweb.ch\/wordpress\/wp-content\/uploads\/2024\/04\/Satinlutinolilac-244x200.jpg 244w, https:\/\/www.glauserweb.ch\/wordpress\/wp-content\/uploads\/2024\/04\/Satinlutinolilac-1920x1575.jpg 1920w\" sizes=\"auto, (max-width: 1024px) 100vw, 1024px\" \/><figcaption class=\"wp-element-caption\"><em>Normalhaar Satinkaninchen Lutino<\/em><\/figcaption><\/figure>\n\n\n\n<p><br>Ebenfalls gl\u00e4nzend, aber in der Langhaarvariante, kommen unsere Lutino Satinangora daher. Auch sie zeigen dieses changierende Farbenspiel. Ihre Haare k\u00f6nnen dar\u00fcber hinaus zu einem Garn versponnen werden, das farblich schimmerndem Perlmutt \u00e4hnelt. <\/p>\n\n\n\n<p><\/p>\n","protected":false},"excerpt":{"rendered":"","protected":false},"author":3,"featured_media":0,"parent":0,"menu_order":12,"comment_status":"closed","ping_status":"closed","template":"","meta":{"_uag_custom_page_level_css":"","footnotes":""},"class_list":["post-1044","page","type-page","status-publish","hentry"],"uagb_featured_image_src":{"full":false,"thumbnail":false,"medium":false,"medium_large":false,"large":false,"1536x1536":false,"2048x2048":false,"post-thumbnail":false,"fluida-featured":false,"fluida-featured-lp":false,"fluida-featured-half":false,"fluida-featured-third":false,"fluida-header":false,"fluida-lpbox-1":false,"fluida-lpbox-2":false},"uagb_author_info":{"display_name":"Pascal Glauser","author_link":"https:\/\/www.glauserweb.ch\/wordpress\/author\/pg\/"},"uagb_comment_info":0,"uagb_excerpt":null,"_links":{"self":[{"href":"https:\/\/www.glauserweb.ch\/wordpress\/wp-json\/wp\/v2\/pages\/1044","targetHints":{"allow":["GET"]}}],"collection":[{"href":"https:\/\/www.glauserweb.ch\/wordpress\/wp-json\/wp\/v2\/pages"}],"about":[{"href":"https:\/\/www.glauserweb.ch\/wordpress\/wp-json\/wp\/v2\/types\/page"}],"author":[{"embeddable":true,"href":"https:\/\/www.glauserweb.ch\/wordpress\/wp-json\/wp\/v2\/users\/3"}],"replies":[{"embeddable":true,"href":"https:\/\/www.glauserweb.ch\/wordpress\/wp-json\/wp\/v2\/comments?post=1044"}],"version-history":[{"count":14,"href":"https:\/\/www.glauserweb.ch\/wordpress\/wp-json\/wp\/v2\/pages\/1044\/revisions"}],"predecessor-version":[{"id":1144,"href":"https:\/\/www.glauserweb.ch\/wordpress\/wp-json\/wp\/v2\/pages\/1044\/revisions\/1144"}],"wp:attachment":[{"href":"https:\/\/www.glauserweb.ch\/wordpress\/wp-json\/wp\/v2\/media?parent=1044"}],"curies":[{"name":"wp","href":"https:\/\/api.w.org\/{rel}","templated":true}]}}